{"id":602,"date":"2019-03-20T18:49:18","date_gmt":"2019-03-20T17:49:18","guid":{"rendered":"http:\/\/www.jf-devillers.com\/?page_id=602"},"modified":"2019-03-20T18:49:18","modified_gmt":"2019-03-20T17:49:18","slug":"bio-contact","status":"publish","type":"page","link":"https:\/\/www.jf-devillers.com\/?page_id=602","title":{"rendered":"Bio \/ Contact"},"content":{"rendered":"\n<h4 class=\"wp-block-heading\"><strong>Bio<\/strong><\/h4>\n\n\n\n<p>N\u00e9 en 1968, Jean-Fran\u00e7ois Devillers, professeur de philosophie et titulaire d\u2019une ma\u00eetrise d\u2019Arts Plastiques, pratique la photographie depuis plus de 30 ans.<\/p>\n\n\n\n<h4 class=\"wp-block-heading\"><strong>Principales expositions<\/strong><\/h4>\n\n\n\n<p>Novembre 2003. Exposition de 15 images de la s\u00e9rie \u00ab&nbsp;Des allers, des retours&nbsp;\u00bb au Festival de l\u2019image du Mans.<\/p>\n\n\n\n<p>Avril 2004. Exposition \u00e0 Allonnes des 35 images de la s\u00e9rie \u00ab&nbsp;Des allers, des retours&nbsp;\u00bb avec le concours du Festival de l\u2019image et de ville d\u2019Allonnes.<\/p>\n\n\n\n<p>Mars 2008, 5 b\u00e2ches de grand format, extraites de la s\u00e9rie \u00ab&nbsp;Cimeti\u00e8re de bateaux de la mer d\u2019Aral&nbsp;\u00bb, \u00e9taient expos\u00e9es au Mans dans le cadre du festival Les Photographique.<\/p>\n\n\n\n<p>Janvier et f\u00e9vrier 2009, une s\u00e9rie de 8 diptyques extraits de la s\u00e9rie \u201cL\u2019hiver en Ukraine\u201d \u00e9tait expos\u00e9e \u00e0 l\u2019Universit\u00e9 d\u2019Arts Plastiques de Paris I.<\/p>\n\n\n\n<p>Mars 2012, exposition de 11 images de la s\u00e9rie \u00ab&nbsp;Flesh&nbsp;\u00bb \u00e0 Allonnes.<\/p>\n\n\n\n<p>Mars 2012, la s\u00e9rie \u00ab&nbsp;Tchernobyl&nbsp;\u00bb est int\u00e9gr\u00e9e dans une installation vid\u00e9o r\u00e9alis\u00e9e avec Gr\u00e9gory David, musicien et plasticien, et expos\u00e9e dans le cadre du festival les Photographiques, au Mans.<\/p>\n\n\n\n<h4 class=\"wp-block-heading\"><strong>Distinctions<\/strong><\/h4>\n\n\n\n<p>Fin juin et d\u00e9but juillet 2010, un extrait de la s\u00e9rie Tchernobyl \u00e9tait expos\u00e9 \u00e0 La Villette \u00e0 Paris dans le cadre du Festival International de l\u2019Image Environnementale. Cette s\u00e9rie a \u00e9t\u00e9 r\u00e9compens\u00e9e par le prix du jury.<\/p>\n\n\n\n<p>Novembre 2010, la s\u00e9rie \u201cTchernobyl\u201d a \u00e9t\u00e9 s\u00e9lectionn\u00e9e pour la Bourse du Talent #44 organis\u00e9e par Photographie.com.<\/p>\n\n\n\n<p>Mars 2011, la s\u00e9rie \u00ab&nbsp;J\u00e9rusalem, une ville, des mondes&nbsp;\u00bb coup de c\u0153ur de la Bourse du talent #45 de Photographie.com<\/p>\n\n\n\n<p>Nomin\u00e9 2016 Prix HSBC pour la photographie<\/p>\n\n\n\n<p>Finaliste du Street Photography Awards 2019 organis\u00e9 par Lensculture<\/p>\n\n\n\n<h4 class=\"wp-block-heading\"><strong>Publications<\/strong><\/h4>\n\n\n\n<p>Novembre 2006. Publication d\u2019un portfolio de 4 images, issues de la s\u00e9rie \u00ab&nbsp;Des allers, des retours&nbsp;\u00bb, dans le magazine R\u00e9ponses Photo.<\/p>\n\n\n\n<p>Janvier 2014. Publication d\u2019un portfolio de 6 images issues de la s\u00e9rie Tchernobyl dans le magazine R\u00e9ponses Photo.<\/p>\n\n\n\n<p>F\u00e9vrier 2014. Publication en compagnie de Pierre Vinclair, po\u00e8te et romancier, d\u2019un livre\u00ab&nbsp;Shanghai double&nbsp;\u00bb, chez publie.net.<\/p>\n\n\n\n<h4 class=\"wp-block-heading\"><strong>Contact<\/strong><\/h4>\n\n\n\n<h4 class=\"wp-block-heading\">jf.devillers@gmail.com<\/h4>\n","protected":false},"excerpt":{"rendered":"<p>Bio N\u00e9 en 1968, Jean-Fran\u00e7ois Devillers, professeur de philosophie et titulaire d\u2019une ma\u00eetrise d\u2019Arts Plastiques, pratique la photographie depuis plus de 30 ans. Principales expositions Novembre 2003. Exposition de 15 images de la s\u00e9rie \u00ab&nbsp;Des allers, des retours&nbsp;\u00bb au Festival de l\u2019image du Mans. Avril 2004. Exposition \u00e0 Allonnes des 35 images de la s\u00e9rie [&hellip;]<\/p>\n","protected":false},"author":2,"featured_media":0,"parent":0,"menu_order":0,"comment_status":"closed","ping_status":"closed","template":"","meta":{"footnotes":""},"categories":[],"tags":[],"class_list":["post-602","page","type-page","status-publish","hentry"],"jetpack_sharing_enabled":true,"_links":{"self":[{"href":"https:\/\/www.jf-devillers.com\/index.php?rest_route=\/wp\/v2\/pages\/602","targetHints":{"allow":["GET"]}}],"collection":[{"href":"https:\/\/www.jf-devillers.com\/index.php?rest_route=\/wp\/v2\/pages"}],"about":[{"href":"https:\/\/www.jf-devillers.com\/index.php?rest_route=\/wp\/v2\/types\/page"}],"author":[{"embeddable":true,"href":"https:\/\/www.jf-devillers.com\/index.php?rest_route=\/wp\/v2\/users\/2"}],"replies":[{"embeddable":true,"href":"https:\/\/www.jf-devillers.com\/index.php?rest_route=%2Fwp%2Fv2%2Fcomments&post=602"}],"version-history":[{"count":0,"href":"https:\/\/www.jf-devillers.com\/index.php?rest_route=\/wp\/v2\/pages\/602\/revisions"}],"wp:attachment":[{"href":"https:\/\/www.jf-devillers.com\/index.php?rest_route=%2Fwp%2Fv2%2Fmedia&parent=602"}],"wp:term":[{"taxonomy":"category","embeddable":true,"href":"https:\/\/www.jf-devillers.com\/index.php?rest_route=%2Fwp%2Fv2%2Fcategories&post=602"},{"taxonomy":"post_tag","embeddable":true,"href":"https:\/\/www.jf-devillers.com\/index.php?rest_route=%2Fwp%2Fv2%2Ftags&post=602"}],"curies":[{"name":"wp","href":"https:\/\/api.w.org\/{rel}","templated":true}]}}